{"id":1013,"date":"2020-09-21T19:26:46","date_gmt":"2020-09-21T17:26:46","guid":{"rendered":"http:\/\/filmteam-koeln.de\/?page_id=1013"},"modified":"2025-09-22T22:06:50","modified_gmt":"2025-09-22T20:06:50","slug":"home","status":"publish","type":"page","link":"https:\/\/filmteam-koeln.de\/","title":{"rendered":"HOME"},"content":{"rendered":"\t\t<div data-elementor-type=\"wp-page\" data-elementor-id=\"1013\" class=\"elementor elementor-1013\" data-elementor-post-type=\"page\">\n\t\t\t\t<div class=\"elementor-element elementor-element-00dfe27 e-con-full e-flex e-con e-parent\" data-id=\"00dfe27\" data-element_type=\"container\">\n\t\t\t\t<div class=\"elementor-element elementor-element-bef2cc8 elementor-headline--style-rotate elementor-widget__width-inherit elementor-widget elementor-widget-animated-headline\" data-id=\"bef2cc8\" data-element_type=\"widget\" data-settings=\"{&quot;headline_style&quot;:&quot;rotate&quot;,&quot;animation_type&quot;:&quot;drop-in&quot;,&quot;rotating_text&quot;:&quot;eine Reportage oder Dokumentation drehen?\\nlive vor Ort auf Sendung gehen?\\nein Konzert aufzeichnen?\\neine Talkshow aufzeichnen?\\nStreamdienste?\\n&quot;,&quot;rotate_iteration_delay&quot;:3001,&quot;loop&quot;:&quot;yes&quot;}\" data-widget_type=\"animated-headline.default\">\n\t\t\t\t<div class=\"elementor-widget-container\">\n\t\t\t\t\t\t\t<h3 class=\"elementor-headline elementor-headline-animation-type-drop-in\">\n\t\t\t\t\t<span class=\"elementor-headline-plain-text elementor-headline-text-wrapper\">--- Wollen Sie<\/span>\n\t\t\t\t<span class=\"elementor-headline-dynamic-wrapper elementor-headline-text-wrapper\">\n\t\t\t\t\t<span class=\"elementor-headline-dynamic-text elementor-headline-text-active\">\n\t\t\t\teine&nbsp;Reportage&nbsp;oder&nbsp;Dokumentation&nbsp;drehen?\t\t\t<\/span>\n\t\t\t\t\t<span class=\"elementor-headline-dynamic-text\">\n\t\t\t\tlive&nbsp;vor&nbsp;Ort&nbsp;auf&nbsp;Sendung&nbsp;gehen?\t\t\t<\/span>\n\t\t\t\t\t<span class=\"elementor-headline-dynamic-text\">\n\t\t\t\tein&nbsp;Konzert&nbsp;aufzeichnen?\t\t\t<\/span>\n\t\t\t\t\t<span class=\"elementor-headline-dynamic-text\">\n\t\t\t\teine&nbsp;Talkshow&nbsp;aufzeichnen?\t\t\t<\/span>\n\t\t\t\t\t<span class=\"elementor-headline-dynamic-text\">\n\t\t\t\tStreamdienste?\t\t\t<\/span>\n\t\t\t\t\t<span class=\"elementor-headline-dynamic-text\">\n\t\t\t\t\t\t\t<\/span>\n\t\t\t\t\t\t<\/span>\n\t\t\t\t\t<span class=\"elementor-headline-plain-text elementor-headline-text-wrapper\"> ---<\/span>\n\t\t\t\t\t<\/h3>\n\t\t\t\t\t\t<\/div>\n\t\t\t\t<\/div>\n\t\t\t\t<\/div>\n\t\t<div class=\"elementor-element elementor-element-eaaa9f8 e-flex e-con-boxed e-con e-parent\" data-id=\"eaaa9f8\" data-element_type=\"container\">\n\t\t\t\t\t<div class=\"e-con-inner\">\n\t\t<div class=\"elementor-element elementor-element-1e17dbb e-con-full e-flex e-con e-child\" data-id=\"1e17dbb\" data-element_type=\"container\">\n\t\t\t\t<div class=\"elementor-element elementor-element-0bcd161 elementor-headline--style-rotate elementor-widget__width-inherit elementor-widget elementor-widget-animated-headline\" data-id=\"0bcd161\" data-element_type=\"widget\" data-settings=\"{&quot;headline_style&quot;:&quot;rotate&quot;,&quot;animation_type&quot;:&quot;wave&quot;,&quot;rotating_text&quot;:&quot;eine kleine Crew, die einen \\u00dc-Wagen ersetz?\\nein Filmteam?\\neinen Schnittplatz in K\\u00f6ln?\\nechte Profis?&quot;,&quot;rotate_iteration_delay&quot;:3000,&quot;loop&quot;:&quot;yes&quot;}\" data-widget_type=\"animated-headline.default\">\n\t\t\t\t<div class=\"elementor-widget-container\">\n\t\t\t\t\t\t\t<h3 class=\"elementor-headline elementor-headline-animation-type-wave elementor-headline-letters\">\n\t\t\t\t\t<span class=\"elementor-headline-plain-text elementor-headline-text-wrapper\">--- Suchen Sie<\/span>\n\t\t\t\t<span class=\"elementor-headline-dynamic-wrapper elementor-headline-text-wrapper\">\n\t\t\t\t\t<span class=\"elementor-headline-dynamic-text elementor-headline-text-active\">\n\t\t\t\teine&nbsp;kleine&nbsp;Crew,&nbsp;die&nbsp;einen&nbsp;\u00dc-Wagen&nbsp;ersetz?\t\t\t<\/span>\n\t\t\t\t\t<span class=\"elementor-headline-dynamic-text\">\n\t\t\t\tein&nbsp;Filmteam?\t\t\t<\/span>\n\t\t\t\t\t<span class=\"elementor-headline-dynamic-text\">\n\t\t\t\teinen&nbsp;Schnittplatz&nbsp;in&nbsp;K\u00f6ln?\t\t\t<\/span>\n\t\t\t\t\t<span class=\"elementor-headline-dynamic-text\">\n\t\t\t\techte&nbsp;Profis?\t\t\t<\/span>\n\t\t\t\t\t\t<\/span>\n\t\t\t\t\t<span class=\"elementor-headline-plain-text elementor-headline-text-wrapper\"> ---<\/span>\n\t\t\t\t\t<\/h3>\n\t\t\t\t\t\t<\/div>\n\t\t\t\t<\/div>\n\t\t\t\t<\/div>\n\t\t\t\t\t<\/div>\n\t\t\t\t<\/div>\n\t\t<div class=\"elementor-element elementor-element-d5a893e e-flex e-con-boxed e-con e-parent\" data-id=\"d5a893e\" data-element_type=\"container\">\n\t\t\t\t\t<div class=\"e-con-inner\">\n\t\t\t\t<div class=\"elementor-element elementor-element-c2d51c2 elementor-widget__width-initial elementor-widget-mobile__width-initial elementor-widget elementor-widget-text-editor\" data-id=\"c2d51c2\" data-element_type=\"widget\" data-widget_type=\"text-editor.default\">\n\t\t\t\t<div class=\"elementor-widget-container\">\n\t\t\t\t\t\t\t\t\t<p style=\"text-align: center;\">In diesem Jahr haben wir eine Dokumentation \u00fcber Hugo Sinzheimer fertiggestellt<\/p>\t\t\t\t\t\t\t\t<\/div>\n\t\t\t\t<\/div>\n\t\t\t\t\t<\/div>\n\t\t\t\t<\/div>\n\t\t<div class=\"elementor-element elementor-element-eace2bc e-con-full e-flex e-con e-parent\" data-id=\"eace2bc\" data-element_type=\"container\" data-settings=\"{&quot;background_background&quot;:&quot;classic&quot;}\">\n\t\t\t\t<div class=\"elementor-element elementor-element-cf9bbb4 elementor-widget__width-initial elementor-widget-mobile__width-initial elementor-widget elementor-widget-video\" data-id=\"cf9bbb4\" data-element_type=\"widget\" data-settings=\"{&quot;youtube_url&quot;:&quot;https:\\\/\\\/youtube.com\\\/shorts\\\/yWUZWonAVKo&quot;,&quot;autoplay&quot;:&quot;yes&quot;,&quot;play_on_mobile&quot;:&quot;yes&quot;,&quot;video_type&quot;:&quot;youtube&quot;,&quot;controls&quot;:&quot;yes&quot;}\" data-widget_type=\"video.default\">\n\t\t\t\t<div class=\"elementor-widget-container\">\n\t\t\t\t\t\t\t<div class=\"elementor-wrapper elementor-open-inline\">\n\t\t\t<div class=\"elementor-video\"><\/div>\t\t<\/div>\n\t\t\t\t\t\t<\/div>\n\t\t\t\t<\/div>\n\t\t\t\t<\/div>\n\t\t\t\t<\/div>\n\t\t","protected":false},"excerpt":{"rendered":"<p>&#8212; Wollen Sie eine&nbsp;Reportage&nbsp;oder&nbsp;Dokumentation&nbsp;drehen? live&nbsp;vor&nbsp;Ort&nbsp;auf&nbsp;Sendung&nbsp;gehen? ein&nbsp;Konzert&nbsp;aufzeichnen? eine&nbsp;Talkshow&nbsp;aufzeichnen? Streamdienste? &#8212; &#8212; Suchen Sie eine&nbsp;kleine&nbsp;Crew,&nbsp;die&nbsp;einen&nbsp;\u00dc-Wagen&nbsp;ersetz? ein&nbsp;Filmteam? einen&nbsp;Schnittplatz&nbsp;in&nbsp;K\u00f6ln? echte&nbsp;Profis? &#8212; In diesem Jahr haben wir eine Dokumentation \u00fcber Hugo Sinzheimer fertiggestellt https:\/\/youtube.com\/shorts\/yWUZWonAVKo<\/p>\n","protected":false},"author":1,"featured_media":0,"parent":0,"menu_order":0,"comment_status":"closed","ping_status":"closed","template":"elementor_header_footer","meta":{"footnotes":""},"class_list":["post-1013","page","type-page","status-publish","hentry"],"_links":{"self":[{"href":"https:\/\/filmteam-koeln.de\/index.php?rest_route=\/wp\/v2\/pages\/1013","targetHints":{"allow":["GET"]}}],"collection":[{"href":"https:\/\/filmteam-koeln.de\/index.php?rest_route=\/wp\/v2\/pages"}],"about":[{"href":"https:\/\/filmteam-koeln.de\/index.php?rest_route=\/wp\/v2\/types\/page"}],"author":[{"embeddable":true,"href":"https:\/\/filmteam-koeln.de\/index.php?rest_route=\/wp\/v2\/users\/1"}],"replies":[{"embeddable":true,"href":"https:\/\/filmteam-koeln.de\/index.php?rest_route=%2Fwp%2Fv2%2Fcomments&post=1013"}],"version-history":[{"count":863,"href":"https:\/\/filmteam-koeln.de\/index.php?rest_route=\/wp\/v2\/pages\/1013\/revisions"}],"predecessor-version":[{"id":5740,"href":"https:\/\/filmteam-koeln.de\/index.php?rest_route=\/wp\/v2\/pages\/1013\/revisions\/5740"}],"wp:attachment":[{"href":"https:\/\/filmteam-koeln.de\/index.php?rest_route=%2Fwp%2Fv2%2Fmedia&parent=1013"}],"curies":[{"name":"wp","href":"https:\/\/api.w.org\/{rel}","templated":true}]}}